{"id":2499,"date":"2018-09-04T12:25:59","date_gmt":"2018-09-04T16:25:59","guid":{"rendered":"https:\/\/trustmycoach.com\/?page_id=2499"},"modified":"2022-01-19T06:31:48","modified_gmt":"2022-01-19T11:31:48","slug":"about","status":"publish","type":"page","link":"https:\/\/trustmycoach.com\/de\/about\/","title":{"rendered":"About"},"content":{"rendered":"<h1 style=\"text-align: left;\"><strong><span>OLA, Mein name ist LUCAS KRUEL<\/span><\/strong><\/h1>\n<p style=\"text-align: left;\">Ich bin der pers\u00f6nliche Athletik-Trainer von Douglas Costa, Rafinha, Thiago und vielen anderen Fu\u00dfballprofis weltweit. F\u00fcr meine Spieler entwickle ich seit Jahren Workouts und Trainingspl\u00e4ne. Mittlerweile bin ich mit den meisten auch eng befreundet. Gemeinsam versuchen wir immer wieder auf das n\u00e4chste Level zu kommen. Ich versuche mit meinem Ganzk\u00f6rpertraining ohne Ger\u00e4te, Athleten und Fu\u00dfballer besser und weniger verletzungsanf\u00e4llig zu machen.<\/p>\n<p style=\"text-align: left;\">\n<p style=\"text-align: left;\">Und nun bist DU dran! Ich freue mich darauf bald auch mit Dir Online zu trainieren! Lass uns zusammen st\u00e4rker werden.<\/p>\n<p><a href=\"#content-start\" rel=\"\"><\/a><\/p>\n<h1 style=\"text-align: center;\"><strong><span>OLA, MY NAME IS LUCAS KRUEL<\/span><\/strong><\/h1>\n<p style=\"text-align: center;\">I am the personal trainer of many professional footballers worldwide \u2013 including Douglas Costa, Thiago Alcantara and Rafinha. For many years, I have been responsible for my client\u2019s full body development through functional workouts. I create trainings that focus on full body strengthening, injury prevention and high performance development.Now, I have created an effective training program that is based on the workouts of the professional footballers \u2013 and adapted to your personal level!I am looking forward to training with you very soon and I hope you enjoy the training as much as my football clients do!<\/p>\n<h1 style=\"text-align: center;\"><strong><span>Das bringt dir #TRUSTMYCOACH<\/span><\/strong><\/h1>\n<p style=\"text-align: center;\"><strong>Unser Online-Training ist f\u00fcr uns eine <\/strong><strong>Lebenseinstellung<\/strong>. Wir verbinden bei #TRUSTMYCOACH <strong>erfolgreiche Trainingsmethoden<\/strong> aus der ganzen Welt mit der <strong>Lebensfreude aus Brasilien<\/strong> und der <strong>Disziplin aus Deutschland<\/strong>. Mach mit und lerne deinen K\u00f6rper ganz neu kennen.<\/p>\n<p style=\"text-align: center;\">\n<p style=\"text-align: center;\"><strong>Werde jetzt Teil der #TRUSTMYCOACH Familie und lerne deinen K\u00f6rper neu kennen.<\/strong><\/p>\n<h1 style=\"text-align: left;\"><strong><span>Das bietet dir #TRUSTMYCOACH<\/span><\/strong><\/h1>\n<p style=\"text-align: left;\">Mit TRUSTMYCOACH f\u00fchlst du dich besser und fitter, indem deine Gelenke und Muskeln durch das funktionelle Training gest\u00e4rkt werden. Dar\u00fcber hinaus bist du weniger verletzungsanf\u00e4llig. Du kannst das Training an deine individuellen Bed\u00fcrfnisse anpassen und ist eine ideale Erg\u00e4nzung zu bestehenden Sportprogrammen.<\/p>\n<h1 style=\"text-align: left;\"><strong><span>WHAT #TRUSTMYCOACH OFFERS YOU<\/span><\/strong><\/h1>\n<p style=\"text-align: left;\">#TRUSTMYCOACH gives you the opportunity to improve your physical strength, fitness and general wellbeing. You can customize each training to suit your individual needs &#8211; whether that\u2019s adapting the workouts to your football requirements or simply to make your busy life more active. #TRUSTMYCOACH training helps you to combat back pain and strengthen your joints and muscles to prevent injuries. It is also a great option if you are looking to supplement your existing sports program with functional training.<\/p>\n<h1 style=\"text-align: left;\"><strong><span>MEHR ERFOLG DURCH CLEVERES Online- TRAINING<\/span><\/strong><\/h1>\n<p style=\"text-align: left;\">#TRUSTMYCOACH bedeutet maximalen Erfolg bei minimalem, jedoch intelligentem Aufwand. Die funktionellen Workouts trainieren alle Muskelgruppen und beinhalten Bewegungsabl\u00e4ufe, die den ganzen K\u00f6rper fordern! Effizienz und Effektivit\u00e4t sind hier der Schl\u00fcssel zum Erfolg! Diese Kombination f\u00fchrt zu echten Verbesserungen und schnell sichtbaren Ergebnissen.<\/p>\n<h1 style=\"text-align: left;\"><strong><span>GREATER SUCCESS WITH SMARTER TRAINING<\/span><\/strong><\/h1>\n<p style=\"text-align: left;\">The #TRUSTMYCOACH program means achieving maximum success with minimal but smart efforts. This is possible because functional workouts train entire muscle groups and use movement sequences that engage your whole body! Efficiency and effectiveness are keys to success! Combining the following body and training areas together into individual weekly workouts result in real improvements and quickly visible results.<\/p>\n","protected":false},"excerpt":{"rendered":"<p>OLA, Mein name ist LUCAS KRUEL Ich bin der pers\u00f6nliche Athletik-Trainer von Douglas Costa, Rafinha, Thiago und vielen anderen Fu\u00dfballprofis weltweit. F\u00fcr meine Spieler entwickle ich seit Jahren Workouts und Trainingspl\u00e4ne. Mittlerweile bin ich mit den meisten auch eng befreundet. Gemeinsam versuchen wir immer wieder auf das n\u00e4chste Level zu kommen. Ich versuche mit meinem [&hellip;]<\/p>\n","protected":false},"author":2,"featured_media":2318,"parent":0,"menu_order":0,"comment_status":"closed","ping_status":"closed","template":"","meta":{"_acf_changed":false,"footnotes":""},"class_list":["post-2499","page","type-page","status-publish","has-post-thumbnail","hentry","post-wrapper","thrv_wrapper"],"acf":[],"wp-worthy-pixel":{"ignored":false,"public":null,"server":null,"url":null},"wp-worthy-type":"normal","_links":{"self":[{"href":"https:\/\/trustmycoach.com\/de\/wp-json\/wp\/v2\/pages\/2499","targetHints":{"allow":["GET"]}}],"collection":[{"href":"https:\/\/trustmycoach.com\/de\/wp-json\/wp\/v2\/pages"}],"about":[{"href":"https:\/\/trustmycoach.com\/de\/wp-json\/wp\/v2\/types\/page"}],"author":[{"embeddable":true,"href":"https:\/\/trustmycoach.com\/de\/wp-json\/wp\/v2\/users\/2"}],"replies":[{"embeddable":true,"href":"https:\/\/trustmycoach.com\/de\/wp-json\/wp\/v2\/comments?post=2499"}],"version-history":[{"count":0,"href":"https:\/\/trustmycoach.com\/de\/wp-json\/wp\/v2\/pages\/2499\/revisions"}],"wp:featuredmedia":[{"embeddable":true,"href":"https:\/\/trustmycoach.com\/de\/wp-json\/wp\/v2\/media\/2318"}],"wp:attachment":[{"href":"https:\/\/trustmycoach.com\/de\/wp-json\/wp\/v2\/media?parent=2499"}],"curies":[{"name":"wp","href":"https:\/\/api.w.org\/{rel}","templated":true}]}}